{"id":2617,"date":"2021-10-14T15:25:36","date_gmt":"2021-10-14T19:25:36","guid":{"rendered":"https:\/\/groundnut-academy.uga.edu\/recursos\/"},"modified":"2022-04-27T11:53:05","modified_gmt":"2022-04-27T15:53:05","slug":"recursos","status":"publish","type":"page","link":"https:\/\/groundnut-academy.uga.edu\/pt-pt\/recursos\/","title":{"rendered":"Recursos"},"content":{"rendered":"\t\t<div data-elementor-type=\"wp-page\" data-elementor-id=\"2617\" class=\"elementor elementor-2617 elementor-730\" data-elementor-post-type=\"page\">\n\t\t\t\t\t\t<section class=\"elementor-section elementor-top-section elementor-element elementor-element-3de5e86 elementor-section-boxed elementor-section-height-default elementor-section-height-default\" data-id=\"3de5e86\" data-element_type=\"section\" data-e-type=\"section\">\n\t\t\t\t\t\t<div class=\"elementor-container elementor-column-gap-default\">\n\t\t\t\t\t<div class=\"elementor-column elementor-col-100 elementor-top-column elementor-element elementor-element-cf9d636\" data-id=\"cf9d636\" data-element_type=\"column\" data-e-type=\"column\">\n\t\t\t<div class=\"elementor-widget-wrap elementor-element-populated\">\n\t\t\t\t\t\t<div class=\"elementor-element elementor-element-c245d27 elementor-widget elementor-widget-text-editor\" data-id=\"c245d27\" data-element_type=\"widget\" data-e-type=\"widget\" data-widget_type=\"text-editor.default\">\n\t\t\t\t<div class=\"elementor-widget-container\">\n\t\t\t\t\t\t\t\t\t<h5>Materiais de revis\u00e3o<\/h5><div><a href=\"https:\/\/groundnut-academy.uga.edu\/wp-content\/uploads\/2022\/04\/Aflatoxin-Training-Guide-Malawi.pdf\">Aflatoxin-Training-Guide-Malawi<\/a><\/div><h5>V\u00e1rios guias e ferramentas est\u00e3o dispon\u00edveis para ajud\u00e1-lo a aprender mais sobre o amendoim.<\/h5><p><strong>PRODU\u00c7\u00c3O<\/strong><\/p><p class=\"MsoNormal\"><span style=\"font-family: Symbol; mso-ascii-font-family: Calibri; mso-ascii-theme-font: minor-latin;\">\u00b7<\/span><span style=\"mso-spacerun: yes;\">  <\/span> <a href=\"http:\/\/africasoilhealth.cabi.org\/wpcms\/wp-content\/uploads\/2017\/07\/562-ASHC-English-Groundnut-A4-bw-lowres.pdf\">Guia de cultura de amendoim<\/a> &#8211; Produzido pelo Africa Soil Health Consortium<\/p><p class=\"MsoNormal\"><span style=\"font-family: Symbol; mso-ascii-font-family: Calibri; mso-ascii-theme-font: minor-latin;\">\u00b7<\/span><span style=\"mso-spacerun: yes;\">  <\/span> <a href=\"https:\/\/ftfpeanutlab.caes.uga.edu\/content\/dam\/caes-subsite\/ftf-peanut-lab\/documents\/pmil\/uga203\/Publication_Okello_UGA203_Deom_2013_Groundnut_Production_Manual_for_Uganda.pdf\">Guia de Produ\u00e7\u00e3o de Amendoins para o Uganda: Pr\u00e1ticas recomendadas para os agricultores<\/a> &#8211; Produzido pela ICRISAT, pela Organiza\u00e7\u00e3o Nacional de Investiga\u00e7\u00e3o Agr\u00edcola do Uganda e pelo Programa de Apoio \u00e0 Investiga\u00e7\u00e3o Colaborativa do Amendoim.<\/p><p class=\"MsoNormal\"><span style=\"font-family: Symbol; mso-ascii-font-family: Calibri; mso-ascii-theme-font: minor-latin;\">\u00b7<\/span><span style=\"mso-spacerun: yes;\">  <\/span> <a href=\"https:\/\/ftfpeanutlab.caes.uga.edu\/content\/dam\/caes-subsite\/ftf-peanut-lab\/documents\/pmil\/2007-2012\/uf155\/Publication_UF155_MacDonald_2012_Peanut_Production_Guide_Guyana.pdf\">Um guia para a produ\u00e7\u00e3o de amendoim nas savanas Rupununi<\/a> &#8211; Produzido pelo Programa de Apoio colaborativo \u00e0 Investiga\u00e7\u00e3o de Amendoim.<\/p><p class=\"MsoNormal\"><span style=\"font-family: Symbol; mso-ascii-font-family: Calibri; mso-ascii-theme-font: minor-latin;\">\u00b7<\/span><span style=\"mso-spacerun: yes;\">  <\/span> <a href=\"https:\/\/ftfpeanutlab.caes.uga.edu\/content\/dam\/caes-subsite\/ftf-peanut-lab\/documents\/peanut-lab\/Malawi%20Groundnut%20Production%20Guide.pdf\">Guia para pr\u00e1ticas de produ\u00e7\u00e3o no Malawi: Melhores Pr\u00e1ticas de Gest\u00e3o para uma Cultura<\/a> de Alta Qualidade &#8211; Produzido pelo Departamento de Servi\u00e7os Agr\u00edcolas do Malawi e o Laborat\u00f3rio de Inova\u00e7\u00e3o de Amendoins<\/p><p class=\"MsoNormal\"><span style=\"font-family: Symbol; mso-ascii-font-family: Calibri; mso-ascii-theme-font: minor-latin;\">\u00b7<\/span><span style=\"mso-spacerun: yes;\">  <\/span> Ferramenta de gest\u00e3o de risco de amendoim &#8211; produzida pelo Feed the Future USAID Peanut Innovation Lab<\/p><p><style>@font-face<br\/>\t{font-family:\"Cambria Math\";<br\/>\tpanose-1:2 4 5 3 5 4 6 3 2 4;<br\/>\tmso-font-charset:0;<br\/>\tmso-generic-font-family:roman;<br\/>\tmso-font-pitch:variable;<br\/>\tmso-font-signature:-536870145 1107305727 0 0 415 0;}@font-face<br\/>\t{font-family:Calibri;<br\/>\tpanose-1:2 15 5 2 2 2 4 3 2 4;<br\/>\tmso-font-charset:0;<br\/>\tmso-generic-font-family:swiss;<br\/>\tmso-font-pitch:variable;<br\/>\tmso-font-signature:-536859905 -1073732485 9 0 511 0;}p.MsoNormal, li.MsoNormal, div.MsoNormal<br\/>\t{mso-style-unhide:no;<br\/>\tmso-style-qformat:yes;<br\/>\tmso-style-parent:\"\";<br\/>\tmargin:0in;<br\/>\tmso-pagination:widow-orphan;<br\/>\tfont-size:12.0pt;<br\/>\tfont-family:\"Calibri\",sans-serif;<br\/>\tmso-ascii-font-family:Calibri;<br\/>\tmso-ascii-theme-font:minor-latin;<br\/>\tmso-fareast-font-family:Calibri;<br\/>\tmso-fareast-theme-font:minor-latin;<br\/>\tmso-hansi-font-family:Calibri;<br\/>\tmso-hansi-theme-font:minor-latin;<br\/>\tmso-bidi-font-family:Arial;<br\/>\tmso-bidi-theme-font:minor-bidi;}a:link, span.MsoHyperlink<br\/>\t{mso-style-noshow:yes;<br\/>\tmso-style-priority:99;<br\/>\tcolor:blue;<br\/>\ttext-decoration:underline;<br\/>\ttext-underline:single;}a:visited, span.MsoHyperlinkFollowed<br\/>\t{mso-style-noshow:yes;<br\/>\tmso-style-priority:99;<br\/>\tcolor:#954F72;<br\/>\tmso-themecolor:followedhyperlink;<br\/>\ttext-decoration:underline;<br\/>\ttext-underline:single;}.MsoChpDefault<br\/>\t{mso-style-type:export-only;<br\/>\tmso-default-props:yes;<br\/>\tfont-family:\"Calibri\",sans-serif;<br\/>\tmso-ascii-font-family:Calibri;<br\/>\tmso-ascii-theme-font:minor-latin;<br\/>\tmso-fareast-font-family:Calibri;<br\/>\tmso-fareast-theme-font:minor-latin;<br\/>\tmso-hansi-font-family:Calibri;<br\/>\tmso-hansi-theme-font:minor-latin;<br\/>\tmso-bidi-font-family:Arial;<br\/>\tmso-bidi-theme-font:minor-bidi;}div.WordSection1<br\/>\t{page:WordSection1;}<\/style><\/p>\t\t\t\t\t\t\t\t<\/div>\n\t\t\t\t<\/div>\n\t\t\t\t\t<\/div>\n\t\t<\/div>\n\t\t\t\t\t<\/div>\n\t\t<\/section>\n\t\t\t\t<\/div>\n\t\t","protected":false},"excerpt":{"rendered":"<p>Materiais de revis\u00e3o Aflatoxin-Training-Guide-Malawi V\u00e1rios guias e ferramentas est\u00e3o dispon\u00edveis para ajud\u00e1-lo a aprender mais sobre o amendoim. PRODU\u00c7\u00c3O \u00b7 Guia de cultura de amendoim &#8211; Produzido pelo Africa Soil Health Consortium \u00b7 Guia de Produ\u00e7\u00e3o de Amendoins para o Uganda: Pr\u00e1ticas recomendadas para os agricultores &#8211; Produzido pela ICRISAT, pela Organiza\u00e7\u00e3o Nacional de Investiga\u00e7\u00e3o [&hellip;]<\/p>\n","protected":false},"author":2,"featured_media":0,"parent":0,"menu_order":0,"comment_status":"closed","ping_status":"closed","template":"","meta":{"_eb_attr":"","footnotes":""},"class_list":["post-2617","page","type-page","status-publish","hentry"],"_links":{"self":[{"href":"https:\/\/groundnut-academy.uga.edu\/pt-pt\/wp-json\/wp\/v2\/pages\/2617","targetHints":{"allow":["GET"]}}],"collection":[{"href":"https:\/\/groundnut-academy.uga.edu\/pt-pt\/wp-json\/wp\/v2\/pages"}],"about":[{"href":"https:\/\/groundnut-academy.uga.edu\/pt-pt\/wp-json\/wp\/v2\/types\/page"}],"author":[{"embeddable":true,"href":"https:\/\/groundnut-academy.uga.edu\/pt-pt\/wp-json\/wp\/v2\/users\/2"}],"replies":[{"embeddable":true,"href":"https:\/\/groundnut-academy.uga.edu\/pt-pt\/wp-json\/wp\/v2\/comments?post=2617"}],"version-history":[{"count":0,"href":"https:\/\/groundnut-academy.uga.edu\/pt-pt\/wp-json\/wp\/v2\/pages\/2617\/revisions"}],"wp:attachment":[{"href":"https:\/\/groundnut-academy.uga.edu\/pt-pt\/wp-json\/wp\/v2\/media?parent=2617"}],"curies":[{"name":"wp","href":"https:\/\/api.w.org\/{rel}","templated":true}]}}