{"id":2331,"date":"2021-10-14T15:02:19","date_gmt":"2021-10-14T19:02:19","guid":{"rendered":"https:\/\/groundnut-academy.uga.edu\/academia-groundnut\/"},"modified":"2023-05-24T16:54:16","modified_gmt":"2023-05-24T20:54:16","slug":"academia-groundnut","status":"publish","type":"page","link":"https:\/\/groundnut-academy.uga.edu\/pt-pt\/","title":{"rendered":"Academia Groundnut"},"content":{"rendered":"\t\t<div data-elementor-type=\"wp-page\" data-elementor-id=\"2331\" class=\"elementor elementor-2331 elementor-761\" data-elementor-post-type=\"page\">\n\t\t\t\t\t\t<section class=\"elementor-section elementor-top-section elementor-element elementor-element-83535e5 elementor-section-boxed elementor-section-height-default elementor-section-height-default\" data-id=\"83535e5\" data-element_type=\"section\" data-e-type=\"section\">\n\t\t\t\t\t\t<div class=\"elementor-container elementor-column-gap-default\">\n\t\t\t\t\t<div class=\"elementor-column elementor-col-100 elementor-top-column elementor-element elementor-element-0630f85\" data-id=\"0630f85\" data-element_type=\"column\" data-e-type=\"column\">\n\t\t\t<div class=\"elementor-widget-wrap elementor-element-populated\">\n\t\t\t\t\t\t\t<\/div>\n\t\t<\/div>\n\t\t\t\t\t<\/div>\n\t\t<\/section>\n\t\t\t\t<section class=\"elementor-section elementor-top-section elementor-element elementor-element-d160271 elementor-section-boxed elementor-section-height-default elementor-section-height-default\" data-id=\"d160271\" data-element_type=\"section\" data-e-type=\"section\">\n\t\t\t\t\t\t<div class=\"elementor-container elementor-column-gap-default\">\n\t\t\t\t\t<div class=\"elementor-column elementor-col-100 elementor-top-column elementor-element elementor-element-276f499\" data-id=\"276f499\" data-element_type=\"column\" data-e-type=\"column\">\n\t\t\t<div class=\"elementor-widget-wrap elementor-element-populated\">\n\t\t\t\t\t\t<section class=\"elementor-section elementor-inner-section elementor-element elementor-element-2a42d53 elementor-section-boxed elementor-section-height-default elementor-section-height-default\" data-id=\"2a42d53\" data-element_type=\"section\" data-e-type=\"section\">\n\t\t\t\t\t\t<div class=\"elementor-container elementor-column-gap-default\">\n\t\t\t\t\t<div class=\"elementor-column elementor-col-50 elementor-inner-column elementor-element elementor-element-12c1659\" data-id=\"12c1659\" data-element_type=\"column\" data-e-type=\"column\">\n\t\t\t<div class=\"elementor-widget-wrap elementor-element-populated\">\n\t\t\t\t\t\t<div class=\"elementor-element elementor-element-17f145c elementor--h-position-center elementor--v-position-middle elementor-arrows-position-inside elementor-pagination-position-inside elementor-widget elementor-widget-slides\" data-id=\"17f145c\" data-element_type=\"widget\" data-e-type=\"widget\" data-settings=\"{&quot;navigation&quot;:&quot;both&quot;,&quot;autoplay&quot;:&quot;yes&quot;,&quot;pause_on_hover&quot;:&quot;yes&quot;,&quot;pause_on_interaction&quot;:&quot;yes&quot;,&quot;autoplay_speed&quot;:5000,&quot;infinite&quot;:&quot;yes&quot;,&quot;transition&quot;:&quot;slide&quot;,&quot;transition_speed&quot;:500}\" data-widget_type=\"slides.default\">\n\t\t\t\t<div class=\"elementor-widget-container\">\n\t\t\t\t\t\t\t\t\t<div class=\"elementor-swiper\">\n\t\t\t\t\t<div class=\"elementor-slides-wrapper elementor-main-swiper swiper\" role=\"region\" aria-roledescription=\"carousel\" aria-label=\"Slides\" dir=\"ltr\" data-animation=\"fadeInUp\">\n\t\t\t\t<div class=\"swiper-wrapper elementor-slides\">\n\t\t\t\t\t\t\t\t\t\t<div class=\"elementor-repeater-item-dbcb37d swiper-slide\" role=\"group\" aria-roledescription=\"slide\"><div class=\"swiper-slide-bg\" role=\"img\" aria-label=\"planta\u00e7\u00e3o de camas\"><\/div><a class=\"swiper-slide-inner\" href=\"https:\/\/groundnut-academy.uga.edu\/courses\/agronomy\/\"><div class=\"swiper-slide-contents\"><div class=\"elementor-slide-heading\">Agronomia<\/div><div class=\"elementor-slide-description\"><p>Saiba como cresce a amendoim  <\/p>\n<\/div><div  class=\"elementor-button elementor-slide-button elementor-size-sm\">Ir para o Curso<\/div><\/div><\/a><\/div><div class=\"elementor-repeater-item-84f5d80 swiper-slide\" role=\"group\" aria-roledescription=\"slide\"><div class=\"swiper-slide-bg\" role=\"img\" aria-label=\"praga1\"><\/div><div class=\"swiper-slide-inner\" ><div class=\"swiper-slide-contents\"><div class=\"elementor-slide-heading\">Gest\u00e3o Integrada de Pragas<\/div><div class=\"elementor-slide-description\"><p>Melhores pr\u00e1ticas para evitar que as pragas roubem o rendimento do amendoim<\/p>\n<\/div><div  class=\"elementor-button elementor-slide-button elementor-size-sm\">Brevemente<\/div><\/div><\/div><\/div><div class=\"elementor-repeater-item-f181a55 swiper-slide\" role=\"group\" aria-roledescription=\"slide\"><div class=\"swiper-slide-bg\" role=\"img\" aria-label=\"1.3-aflatoxinas-seguran\u00e7a alimentar\"><\/div><a class=\"swiper-slide-inner\" href=\"https:\/\/groundnut-academy.uga.edu\/courses\/aflatoxin\/\"><div class=\"swiper-slide-contents\"><div class=\"elementor-slide-heading\">Aflatoxina<\/div><div class=\"elementor-slide-description\"><p>Uma vis\u00e3o geral de um perigoso contaminante alimentar<\/p>\n<\/div><div  class=\"elementor-button elementor-slide-button elementor-size-sm\">Ir para o Curso<\/div><\/div><\/a><\/div>\t\t\t\t<\/div>\n\t\t\t\t\t\t\t\t\t\t\t\t\t\t\t<div class=\"elementor-swiper-button elementor-swiper-button-prev\" role=\"button\" tabindex=\"0\" aria-label=\"Previous slide\">\n\t\t\t\t\t\t\t<i aria-hidden=\"true\" class=\"eicon-chevron-left\"><\/i>\t\t\t\t\t\t<\/div>\n\t\t\t\t\t\t<div class=\"elementor-swiper-button elementor-swiper-button-next\" role=\"button\" tabindex=\"0\" aria-label=\"Next slide\">\n\t\t\t\t\t\t\t<i aria-hidden=\"true\" class=\"eicon-chevron-right\"><\/i>\t\t\t\t\t\t<\/div>\n\t\t\t\t\t\t\t\t\t\t\t\t\t\t\t\t<div class=\"swiper-pagination\"><\/div>\n\t\t\t\t\t\t\t\t\t\t\t\t<\/div>\n\t\t\t\t<\/div>\n\t\t\t\t\t\t\t\t<\/div>\n\t\t\t\t<\/div>\n\t\t\t\t\t<\/div>\n\t\t<\/div>\n\t\t\t\t<div class=\"elementor-column elementor-col-50 elementor-inner-column elementor-element elementor-element-f5963db\" data-id=\"f5963db\" data-element_type=\"column\" data-e-type=\"column\">\n\t\t\t<div class=\"elementor-widget-wrap elementor-element-populated\">\n\t\t\t\t\t\t<div class=\"elementor-element elementor-element-dc5d3ef elementor-widget elementor-widget-heading\" data-id=\"dc5d3ef\" data-element_type=\"widget\" data-e-type=\"widget\" data-widget_type=\"heading.default\">\n\t\t\t\t<div class=\"elementor-widget-container\">\n\t\t\t\t\t<h2 class=\"elementor-heading-title elementor-size-default\">Aprenda aqui.<\/h2>\t\t\t\t<\/div>\n\t\t\t\t<\/div>\n\t\t\t\t<div class=\"elementor-element elementor-element-a6e059f elementor-widget elementor-widget-wp-widget-text\" data-id=\"a6e059f\" data-element_type=\"widget\" data-e-type=\"widget\" data-widget_type=\"wp-widget-text.default\">\n\t\t\t\t<div class=\"elementor-widget-container\">\n\t\t\t\t\t\t\t\t<div class=\"textwidget\"><p><i>A Groundnut Academy re\u00fane especialistas em \u00e1reas de agronomia, nutri\u00e7\u00e3o e marketing para ensinar os alunos a crescer, processar e consumir amendoins de qualidade. Os cursos s\u00e3o produzidos pelo Feed the Future Innovation Lab for Peanut.  <\/i><\/p>\n<\/div>\n\t\t\t\t\t\t<\/div>\n\t\t\t\t<\/div>\n\t\t\t\t\t<\/div>\n\t\t<\/div>\n\t\t\t\t\t<\/div>\n\t\t<\/section>\n\t\t\t\t\t<\/div>\n\t\t<\/div>\n\t\t\t\t\t<\/div>\n\t\t<\/section>\n\t\t\t\t<section class=\"elementor-section elementor-top-section elementor-element elementor-element-546ae63a elementor-section-stretched elementor-section-boxed elementor-section-height-default elementor-section-height-default\" data-id=\"546ae63a\" data-element_type=\"section\" data-e-type=\"section\" data-settings=\"{&quot;stretch_section&quot;:&quot;section-stretched&quot;}\">\n\t\t\t\t\t\t\t<div class=\"elementor-background-overlay\"><\/div>\n\t\t\t\t\t\t\t<div class=\"elementor-container elementor-column-gap-default\">\n\t\t\t\t\t<div class=\"elementor-column elementor-col-100 elementor-top-column elementor-element elementor-element-6bb1b3f3\" data-id=\"6bb1b3f3\" data-element_type=\"column\" data-e-type=\"column\">\n\t\t\t<div class=\"elementor-widget-wrap elementor-element-populated\">\n\t\t\t\t\t\t<div class=\"elementor-element elementor-element-b479dd1 elementor-widget elementor-widget-heading\" data-id=\"b479dd1\" data-element_type=\"widget\" data-e-type=\"widget\" data-widget_type=\"heading.default\">\n\t\t\t\t<div class=\"elementor-widget-container\">\n\t\t\t\t\t<h2 class=\"elementor-heading-title elementor-size-default\">Os Nossos Cursos<\/h2>\t\t\t\t<\/div>\n\t\t\t\t<\/div>\n\t\t\t\t<div class=\"elementor-element elementor-element-0d4f482 elementor-position-left elementor-vertical-align-top elementor-widget elementor-widget-image-box\" data-id=\"0d4f482\" data-element_type=\"widget\" data-e-type=\"widget\" data-widget_type=\"image-box.default\">\n\t\t\t\t<div class=\"elementor-widget-container\">\n\t\t\t\t\t<div class=\"elementor-image-box-wrapper\"><figure class=\"elementor-image-box-img\"><img fetchpriority=\"high\" decoding=\"async\" width=\"870\" height=\"768\" src=\"https:\/\/groundnut-academy.uga.edu\/wp-content\/uploads\/2021\/08\/1.3-aflatoxins-food-safety.jpg\" class=\"attachment-2048x2048 size-2048x2048 wp-image-2555\" alt=\"\" srcset=\"https:\/\/groundnut-academy.uga.edu\/wp-content\/uploads\/2021\/08\/1.3-aflatoxins-food-safety.jpg 870w, https:\/\/groundnut-academy.uga.edu\/wp-content\/uploads\/2021\/08\/1.3-aflatoxins-food-safety-300x265.jpg 300w, https:\/\/groundnut-academy.uga.edu\/wp-content\/uploads\/2021\/08\/1.3-aflatoxins-food-safety-768x678.jpg 768w, https:\/\/groundnut-academy.uga.edu\/wp-content\/uploads\/2021\/08\/1.3-aflatoxins-food-safety-340x300.jpg 340w\" sizes=\"(max-width: 870px) 100vw, 870px\" \/><\/figure><div class=\"elementor-image-box-content\"><h3 class=\"elementor-image-box-title\">Aflatoxina<\/h3><p class=\"elementor-image-box-description\">Aflatoxin impacta importantes culturas de agrafos em todo o mundo como amendoim\n  e milho. Neste curso, aprenda o b\u00e1sico sobre a aflatoxina - onde  \nvem, o que nos custa e como o controlamos.<br><br><\/p><\/div><\/div>\t\t\t\t<\/div>\n\t\t\t\t<\/div>\n\t\t\t\t<div class=\"elementor-element elementor-element-4a24de1 elementor-align-center elementor-widget elementor-widget-button\" data-id=\"4a24de1\" data-element_type=\"widget\" data-e-type=\"widget\" data-widget_type=\"button.default\">\n\t\t\t\t<div class=\"elementor-widget-container\">\n\t\t\t\t\t\t\t\t\t<div class=\"elementor-button-wrapper\">\n\t\t\t\t\t<a class=\"elementor-button elementor-button-link elementor-size-md\" href=\"https:\/\/groundnut-academy.uga.edu\/pt-pt\/courses\/aflatoxina\/\">\n\t\t\t\t\t\t<span class=\"elementor-button-content-wrapper\">\n\t\t\t\t\t\t\t\t\t<span class=\"elementor-button-text\">Ir para o Curso<\/span>\n\t\t\t\t\t<\/span>\n\t\t\t\t\t<\/a>\n\t\t\t\t<\/div>\n\t\t\t\t\t\t\t\t<\/div>\n\t\t\t\t<\/div>\n\t\t\t\t<div class=\"elementor-element elementor-element-4676943 elementor-widget elementor-widget-spacer\" data-id=\"4676943\" data-element_type=\"widget\" data-e-type=\"widget\" data-widget_type=\"spacer.default\">\n\t\t\t\t<div class=\"elementor-widget-container\">\n\t\t\t\t\t\t\t<div class=\"elementor-spacer\">\n\t\t\t<div class=\"elementor-spacer-inner\"><\/div>\n\t\t<\/div>\n\t\t\t\t\t\t<\/div>\n\t\t\t\t<\/div>\n\t\t\t\t<div class=\"elementor-element elementor-element-d3f13cb elementor-widget elementor-widget-spacer\" data-id=\"d3f13cb\" data-element_type=\"widget\" data-e-type=\"widget\" data-widget_type=\"spacer.default\">\n\t\t\t\t<div class=\"elementor-widget-container\">\n\t\t\t\t\t\t\t<div class=\"elementor-spacer\">\n\t\t\t<div class=\"elementor-spacer-inner\"><\/div>\n\t\t<\/div>\n\t\t\t\t\t\t<\/div>\n\t\t\t\t<\/div>\n\t\t\t\t<div class=\"elementor-element elementor-element-3391060 elementor-position-left elementor-vertical-align-top elementor-widget elementor-widget-image-box\" data-id=\"3391060\" data-element_type=\"widget\" data-e-type=\"widget\" data-widget_type=\"image-box.default\">\n\t\t\t\t<div class=\"elementor-widget-container\">\n\t\t\t\t\t<div class=\"elementor-image-box-wrapper\"><figure class=\"elementor-image-box-img\"><img decoding=\"async\" width=\"359\" height=\"269\" src=\"https:\/\/groundnut-academy.uga.edu\/wp-content\/uploads\/2021\/01\/groundnut-flower.jpg\" class=\"attachment-2048x2048 size-2048x2048 wp-image-2397\" alt=\"\" srcset=\"https:\/\/groundnut-academy.uga.edu\/wp-content\/uploads\/2021\/01\/groundnut-flower.jpg 359w, https:\/\/groundnut-academy.uga.edu\/wp-content\/uploads\/2021\/01\/groundnut-flower-300x225.jpg 300w\" sizes=\"(max-width: 359px) 100vw, 359px\" \/><\/figure><div class=\"elementor-image-box-content\"><h3 class=\"elementor-image-box-title\">Agronomia<\/h3><p class=\"elementor-image-box-description\">Ensinado por Greg MacDonald, professor de ci\u00eancias da pele e agronomia na Universidade da Fl\u00f3rida, o curso fornece uma vis\u00e3o geral da fisiologia, produ\u00e7\u00e3o e pragas.<br><br><\/p><\/div><\/div>\t\t\t\t<\/div>\n\t\t\t\t<\/div>\n\t\t\t\t<div class=\"elementor-element elementor-element-4fcec59 elementor-align-center elementor-widget elementor-widget-button\" data-id=\"4fcec59\" data-element_type=\"widget\" data-e-type=\"widget\" data-widget_type=\"button.default\">\n\t\t\t\t<div class=\"elementor-widget-container\">\n\t\t\t\t\t\t\t\t\t<div class=\"elementor-button-wrapper\">\n\t\t\t\t\t<a class=\"elementor-button elementor-button-link elementor-size-md\" href=\"https:\/\/groundnut-academy.uga.edu\/pt-pt\/courses\/agronomia-basica\/\">\n\t\t\t\t\t\t<span class=\"elementor-button-content-wrapper\">\n\t\t\t\t\t\t\t\t\t<span class=\"elementor-button-text\">Ir para o Curso<\/span>\n\t\t\t\t\t<\/span>\n\t\t\t\t\t<\/a>\n\t\t\t\t<\/div>\n\t\t\t\t\t\t\t\t<\/div>\n\t\t\t\t<\/div>\n\t\t\t\t<div class=\"elementor-element elementor-element-32ecc7ae elementor-widget elementor-widget-text-editor\" data-id=\"32ecc7ae\" data-element_type=\"widget\" data-e-type=\"widget\" data-widget_type=\"text-editor.default\">\n\t\t\t\t<div class=\"elementor-widget-container\">\n\t\t\t\t\t\t\t\t\t<\/p>\n<p><i>Lan\u00e7ada em 2021, a Groundnut Academy oferece cursos gratuitos, baseados na Internet para uma variedade de p\u00fablicos. Os trabalhadores de extens\u00e3o, os estudantes graduados e os agricultores podem achar a informa\u00e7\u00e3o \u00fatil no seu trabalho.<br \/><\/i><\/p>\n<\/p><\/p>\n\t\t\t\t\t\t\t\t<\/div>\n\t\t\t\t<\/div>\n\t\t\t\t\t<\/div>\n\t\t<\/div>\n\t\t\t\t\t<\/div>\n\t\t<\/section>\n\t\t\t\t<section class=\"elementor-section elementor-top-section elementor-element elementor-element-f1330d5 elementor-section-boxed elementor-section-height-default elementor-section-height-default\" data-id=\"f1330d5\" data-element_type=\"section\" data-e-type=\"section\">\n\t\t\t\t\t\t\t<div class=\"elementor-background-overlay\"><\/div>\n\t\t\t\t\t\t\t<div class=\"elementor-container elementor-column-gap-default\">\n\t\t\t\t\t<div class=\"elementor-column elementor-col-100 elementor-top-column elementor-element elementor-element-24af2cf\" data-id=\"24af2cf\" data-element_type=\"column\" data-e-type=\"column\">\n\t\t\t<div class=\"elementor-widget-wrap elementor-element-populated\">\n\t\t\t\t\t\t<div class=\"elementor-element elementor-element-e322dd3 elementor-widget elementor-widget-heading\" data-id=\"e322dd3\" data-element_type=\"widget\" data-e-type=\"widget\" data-widget_type=\"heading.default\">\n\t\t\t\t<div class=\"elementor-widget-container\">\n\t\t\t\t\t<h2 class=\"elementor-heading-title elementor-size-default\">A nossa equipa<\/h2>\t\t\t\t<\/div>\n\t\t\t\t<\/div>\n\t\t\t\t\t<\/div>\n\t\t<\/div>\n\t\t\t\t\t<\/div>\n\t\t<\/section>\n\t\t\t\t<section class=\"elementor-section elementor-top-section elementor-element elementor-element-101df1a elementor-section-boxed elementor-section-height-default elementor-section-height-default\" data-id=\"101df1a\" data-element_type=\"section\" data-e-type=\"section\">\n\t\t\t\t\t\t<div class=\"elementor-container elementor-column-gap-default\">\n\t\t\t\t\t<div class=\"elementor-column elementor-col-33 elementor-top-column elementor-element elementor-element-498f76c\" data-id=\"498f76c\" data-element_type=\"column\" data-e-type=\"column\">\n\t\t\t<div class=\"elementor-widget-wrap elementor-element-populated\">\n\t\t\t\t\t\t<div class=\"elementor-element elementor-element-6dfc56b elementor-position-top elementor-widget elementor-widget-image-box\" data-id=\"6dfc56b\" data-element_type=\"widget\" data-e-type=\"widget\" data-widget_type=\"image-box.default\">\n\t\t\t\t<div class=\"elementor-widget-container\">\n\t\t\t\t\t<div class=\"elementor-image-box-wrapper\"><figure class=\"elementor-image-box-img\"><img decoding=\"async\" width=\"216\" height=\"216\" src=\"https:\/\/groundnut-academy.uga.edu\/wp-content\/uploads\/2020\/12\/macdonald.jpg\" class=\"attachment-large size-large wp-image-2332\" alt=\"\" srcset=\"https:\/\/groundnut-academy.uga.edu\/wp-content\/uploads\/2020\/12\/macdonald.jpg 216w, https:\/\/groundnut-academy.uga.edu\/wp-content\/uploads\/2020\/12\/macdonald-150x150.jpg 150w\" sizes=\"(max-width: 216px) 100vw, 216px\" \/><\/figure><div class=\"elementor-image-box-content\"><h4 class=\"elementor-image-box-title\">Greg MacDonald<\/h4><p class=\"elementor-image-box-description\">Greg \u00e9 professor no Departamento de Agronomia da Universidade da Florida. Trabalhou internacionalmente, especialmente na Am\u00e9rica Latina, durante muitos anos e especializou-se em gest\u00e3o de pe\u00e7as de produ\u00e7\u00e3o de weeds e culturas.<\/p><\/div><\/div>\t\t\t\t<\/div>\n\t\t\t\t<\/div>\n\t\t\t\t\t<\/div>\n\t\t<\/div>\n\t\t\t\t<div class=\"elementor-column elementor-col-33 elementor-top-column elementor-element elementor-element-e2271bd\" data-id=\"e2271bd\" data-element_type=\"column\" data-e-type=\"column\">\n\t\t\t<div class=\"elementor-widget-wrap elementor-element-populated\">\n\t\t\t\t\t\t<div class=\"elementor-element elementor-element-29b0984 elementor-position-top elementor-widget elementor-widget-image-box\" data-id=\"29b0984\" data-element_type=\"widget\" data-e-type=\"widget\" data-widget_type=\"image-box.default\">\n\t\t\t\t<div class=\"elementor-widget-container\">\n\t\t\t\t\t<div class=\"elementor-image-box-wrapper\"><figure class=\"elementor-image-box-img\"><img loading=\"lazy\" decoding=\"async\" width=\"216\" height=\"216\" src=\"https:\/\/groundnut-academy.uga.edu\/wp-content\/uploads\/2020\/12\/Hoisington.jpg\" class=\"attachment-full size-full wp-image-2335\" alt=\"\" srcset=\"https:\/\/groundnut-academy.uga.edu\/wp-content\/uploads\/2020\/12\/Hoisington.jpg 216w, https:\/\/groundnut-academy.uga.edu\/wp-content\/uploads\/2020\/12\/Hoisington-150x150.jpg 150w\" sizes=\"(max-width: 216px) 100vw, 216px\" \/><\/figure><div class=\"elementor-image-box-content\"><h4 class=\"elementor-image-box-title\">Dave Hoisington<\/h4><p class=\"elementor-image-box-description\">Dave \u00e9 o diretor do Feed the Future Innovation Lab for Peanut e professor s\u00e9nior de investiga\u00e7\u00e3o na Faculdade de Ci\u00eancias Agr\u00edcolas e Ambientais da Universidade da Ge\u00f3rgia. Desempenhou v\u00e1rios pap\u00e9is no CGIAR na CIMMYT no M\u00e9xico e no ICRISAT na \u00cdndia.  \n<\/p><\/div><\/div>\t\t\t\t<\/div>\n\t\t\t\t<\/div>\n\t\t\t\t\t<\/div>\n\t\t<\/div>\n\t\t\t\t<div class=\"elementor-column elementor-col-33 elementor-top-column elementor-element elementor-element-005d890\" data-id=\"005d890\" data-element_type=\"column\" data-e-type=\"column\">\n\t\t\t<div class=\"elementor-widget-wrap elementor-element-populated\">\n\t\t\t\t\t\t<div class=\"elementor-element elementor-element-96750bd elementor-position-top elementor-widget elementor-widget-image-box\" data-id=\"96750bd\" data-element_type=\"widget\" data-e-type=\"widget\" data-widget_type=\"image-box.default\">\n\t\t\t\t<div class=\"elementor-widget-container\">\n\t\t\t\t\t<div class=\"elementor-image-box-wrapper\"><figure class=\"elementor-image-box-img\"><img loading=\"lazy\" decoding=\"async\" width=\"150\" height=\"150\" src=\"https:\/\/groundnut-academy.uga.edu\/wp-content\/uploads\/2021\/05\/2017_JamesRhoads-e1620136451462-150x150.jpg\" class=\"attachment-thumbnail size-thumbnail wp-image-2338\" alt=\"\" \/><\/figure><div class=\"elementor-image-box-content\"><h4 class=\"elementor-image-box-title\">Jamie Rhoads<\/h4><p class=\"elementor-image-box-description\">Jamie \u00e9 o diretor assistente do Feed the Future Innovation Lab for Peanut e professor de investiga\u00e7\u00e3o na Faculdade de Ci\u00eancias Agr\u00edcolas e Ambientais da Universidade da Ge\u00f3rgia. Trabalhou na produ\u00e7\u00e3o e processamento de amendoins no Haiti com a Meds &amp; Foods for Kids.\n<\/p><\/div><\/div>\t\t\t\t<\/div>\n\t\t\t\t<\/div>\n\t\t\t\t\t<\/div>\n\t\t<\/div>\n\t\t\t\t\t<\/div>\n\t\t<\/section>\n\t\t\t\t<\/div>\n\t\t","protected":false},"excerpt":{"rendered":"<p>Agronomia Saiba como cresce a amendoim Ir para o CursoGest\u00e3o Integrada de Pragas Melhores pr\u00e1ticas para evitar que as pragas roubem o rendimento do amendoim BrevementeAflatoxina Uma vis\u00e3o geral de um perigoso contaminante alimentar Ir para o Curso Previous Next Aprenda aqui. Os Nossos Cursos Aflatoxina Aflatoxin impacta importantes culturas de agrafos em todo o [&hellip;]<\/p>\n","protected":false},"author":2,"featured_media":0,"parent":0,"menu_order":0,"comment_status":"closed","ping_status":"closed","template":"elementor_header_footer","meta":{"_eb_attr":"","footnotes":""},"class_list":["post-2331","page","type-page","status-publish","hentry"],"_links":{"self":[{"href":"https:\/\/groundnut-academy.uga.edu\/pt-pt\/wp-json\/wp\/v2\/pages\/2331","targetHints":{"allow":["GET"]}}],"collection":[{"href":"https:\/\/groundnut-academy.uga.edu\/pt-pt\/wp-json\/wp\/v2\/pages"}],"about":[{"href":"https:\/\/groundnut-academy.uga.edu\/pt-pt\/wp-json\/wp\/v2\/types\/page"}],"author":[{"embeddable":true,"href":"https:\/\/groundnut-academy.uga.edu\/pt-pt\/wp-json\/wp\/v2\/users\/2"}],"replies":[{"embeddable":true,"href":"https:\/\/groundnut-academy.uga.edu\/pt-pt\/wp-json\/wp\/v2\/comments?post=2331"}],"version-history":[{"count":0,"href":"https:\/\/groundnut-academy.uga.edu\/pt-pt\/wp-json\/wp\/v2\/pages\/2331\/revisions"}],"wp:attachment":[{"href":"https:\/\/groundnut-academy.uga.edu\/pt-pt\/wp-json\/wp\/v2\/media?parent=2331"}],"curies":[{"name":"wp","href":"https:\/\/api.w.org\/{rel}","templated":true}]}}