{"id":5667,"date":"2022-12-13T15:07:11","date_gmt":"2022-12-13T20:07:11","guid":{"rendered":"https:\/\/groundnut-academy.uga.edu\/academie-de-larachide\/"},"modified":"2023-01-03T13:14:10","modified_gmt":"2023-01-03T18:14:10","slug":"academie-de-larachide","status":"publish","type":"page","link":"https:\/\/groundnut-academy.uga.edu\/fr\/","title":{"rendered":"Acad\u00e9mie de l&#8217;arachide"},"content":{"rendered":"\t\t<div data-elementor-type=\"wp-page\" data-elementor-id=\"5667\" class=\"elementor elementor-5667 elementor-761\" data-elementor-post-type=\"page\">\n\t\t\t\t\t\t<section class=\"elementor-section elementor-top-section elementor-element elementor-element-83535e5 elementor-section-boxed elementor-section-height-default elementor-section-height-default\" data-id=\"83535e5\" data-element_type=\"section\" data-e-type=\"section\">\n\t\t\t\t\t\t<div class=\"elementor-container elementor-column-gap-default\">\n\t\t\t\t\t<div class=\"elementor-column elementor-col-100 elementor-top-column elementor-element elementor-element-0630f85\" data-id=\"0630f85\" data-element_type=\"column\" data-e-type=\"column\">\n\t\t\t<div class=\"elementor-widget-wrap elementor-element-populated\">\n\t\t\t\t\t\t\t<\/div>\n\t\t<\/div>\n\t\t\t\t\t<\/div>\n\t\t<\/section>\n\t\t\t\t<section class=\"elementor-section elementor-top-section elementor-element elementor-element-d160271 elementor-section-boxed elementor-section-height-default elementor-section-height-default\" data-id=\"d160271\" data-element_type=\"section\" data-e-type=\"section\">\n\t\t\t\t\t\t<div class=\"elementor-container elementor-column-gap-default\">\n\t\t\t\t\t<div class=\"elementor-column elementor-col-100 elementor-top-column elementor-element elementor-element-276f499\" data-id=\"276f499\" data-element_type=\"column\" data-e-type=\"column\">\n\t\t\t<div class=\"elementor-widget-wrap elementor-element-populated\">\n\t\t\t\t\t\t<section class=\"elementor-section elementor-inner-section elementor-element elementor-element-2a42d53 elementor-section-boxed elementor-section-height-default elementor-section-height-default\" data-id=\"2a42d53\" data-element_type=\"section\" data-e-type=\"section\">\n\t\t\t\t\t\t<div class=\"elementor-container elementor-column-gap-default\">\n\t\t\t\t\t<div class=\"elementor-column elementor-col-50 elementor-inner-column elementor-element elementor-element-12c1659\" data-id=\"12c1659\" data-element_type=\"column\" data-e-type=\"column\">\n\t\t\t<div class=\"elementor-widget-wrap elementor-element-populated\">\n\t\t\t\t\t\t<div class=\"elementor-element elementor-element-17f145c elementor--h-position-center elementor--v-position-middle elementor-arrows-position-inside elementor-pagination-position-inside elementor-widget elementor-widget-slides\" data-id=\"17f145c\" data-element_type=\"widget\" data-e-type=\"widget\" data-settings=\"{&quot;navigation&quot;:&quot;both&quot;,&quot;autoplay&quot;:&quot;yes&quot;,&quot;pause_on_hover&quot;:&quot;yes&quot;,&quot;pause_on_interaction&quot;:&quot;yes&quot;,&quot;autoplay_speed&quot;:5000,&quot;infinite&quot;:&quot;yes&quot;,&quot;transition&quot;:&quot;slide&quot;,&quot;transition_speed&quot;:500}\" data-widget_type=\"slides.default\">\n\t\t\t\t<div class=\"elementor-widget-container\">\n\t\t\t\t\t\t\t\t\t<div class=\"elementor-swiper\">\n\t\t\t\t\t<div class=\"elementor-slides-wrapper elementor-main-swiper swiper\" role=\"region\" aria-roledescription=\"carousel\" aria-label=\"Slides\" dir=\"ltr\" data-animation=\"fadeInUp\">\n\t\t\t\t<div class=\"swiper-wrapper elementor-slides\">\n\t\t\t\t\t\t\t\t\t\t<div class=\"elementor-repeater-item-dbcb37d swiper-slide\" role=\"group\" aria-roledescription=\"slide\"><div class=\"swiper-slide-bg\" role=\"img\" aria-label=\"planting-beds\"><\/div><a class=\"swiper-slide-inner\" href=\"https:\/\/groundnut-academy.uga.edu\/courses\/agronomy\/\"><div class=\"swiper-slide-contents\"><div class=\"elementor-slide-heading\">Agronomie<\/div><div class=\"elementor-slide-description\"><p>D\u00e9couvrez comment pousse l'arachide  <\/p>\n<\/div><div  class=\"elementor-button elementor-slide-button elementor-size-sm\">Acc\u00e9der au cours<\/div><\/div><\/a><\/div><div class=\"elementor-repeater-item-84f5d80 swiper-slide\" role=\"group\" aria-roledescription=\"slide\"><div class=\"swiper-slide-bg\" role=\"img\" aria-label=\"pest1\"><\/div><div class=\"swiper-slide-inner\" ><div class=\"swiper-slide-contents\"><div class=\"elementor-slide-heading\">Lutte antiparasitaire int\u00e9gr\u00e9e<\/div><div class=\"elementor-slide-description\"><p>Meilleures pratiques pour emp\u00eacher les ravageurs de voler le rendement des arachides<\/p>\n<\/div><div  class=\"elementor-button elementor-slide-button elementor-size-sm\">Bient\u00f4t disponible<\/div><\/div><\/div><\/div><div class=\"elementor-repeater-item-f181a55 swiper-slide\" role=\"group\" aria-roledescription=\"slide\"><div class=\"swiper-slide-bg\" role=\"img\" aria-label=\"1.3-aflatoxins-food-safety\"><\/div><a class=\"swiper-slide-inner\" href=\"https:\/\/groundnut-academy.uga.edu\/courses\/aflatoxin\/\"><div class=\"swiper-slide-contents\"><div class=\"elementor-slide-heading\">Aflatoxine<\/div><div class=\"elementor-slide-description\"><p>Un aper\u00e7u d'un dangereux contaminant alimentaire<\/p>\n<\/div><div  class=\"elementor-button elementor-slide-button elementor-size-sm\">Acc\u00e9der au cours<\/div><\/div><\/a><\/div>\t\t\t\t<\/div>\n\t\t\t\t\t\t\t\t\t\t\t\t\t\t\t<div class=\"elementor-swiper-button elementor-swiper-button-prev\" role=\"button\" tabindex=\"0\" aria-label=\"Previous slide\">\n\t\t\t\t\t\t\t<i aria-hidden=\"true\" class=\"eicon-chevron-left\"><\/i>\t\t\t\t\t\t<\/div>\n\t\t\t\t\t\t<div class=\"elementor-swiper-button elementor-swiper-button-next\" role=\"button\" tabindex=\"0\" aria-label=\"Next slide\">\n\t\t\t\t\t\t\t<i aria-hidden=\"true\" class=\"eicon-chevron-right\"><\/i>\t\t\t\t\t\t<\/div>\n\t\t\t\t\t\t\t\t\t\t\t\t\t\t\t\t<div class=\"swiper-pagination\"><\/div>\n\t\t\t\t\t\t\t\t\t\t\t\t<\/div>\n\t\t\t\t<\/div>\n\t\t\t\t\t\t\t\t<\/div>\n\t\t\t\t<\/div>\n\t\t\t\t\t<\/div>\n\t\t<\/div>\n\t\t\t\t<div class=\"elementor-column elementor-col-50 elementor-inner-column elementor-element elementor-element-f5963db\" data-id=\"f5963db\" data-element_type=\"column\" data-e-type=\"column\">\n\t\t\t<div class=\"elementor-widget-wrap elementor-element-populated\">\n\t\t\t\t\t\t<div class=\"elementor-element elementor-element-dc5d3ef elementor-widget elementor-widget-heading\" data-id=\"dc5d3ef\" data-element_type=\"widget\" data-e-type=\"widget\" data-widget_type=\"heading.default\">\n\t\t\t\t<div class=\"elementor-widget-container\">\n\t\t\t\t\t<h2 class=\"elementor-heading-title elementor-size-default\">Apprenez ici.<\/h2>\t\t\t\t<\/div>\n\t\t\t\t<\/div>\n\t\t\t\t<div class=\"elementor-element elementor-element-a6e059f elementor-widget elementor-widget-wp-widget-text\" data-id=\"a6e059f\" data-element_type=\"widget\" data-e-type=\"widget\" data-widget_type=\"wp-widget-text.default\">\n\t\t\t\t<div class=\"elementor-widget-container\">\n\t\t\t\t\t\t\t\t<div class=\"textwidget\"><p><i>L&#8217;Acad\u00e9mie de l&#8217;arachide r\u00e9unit des experts dans les domaines de l&#8217;agronomie, de la nutrition et du marketing pour enseigner aux apprenants comment cultiver, transformer et consommer des arachides de qualit\u00e9. Les cours sont produits par le Feed the Future Innovation Lab for Peanut.  <\/i><\/p>\n<\/div>\n\t\t\t\t\t\t<\/div>\n\t\t\t\t<\/div>\n\t\t\t\t\t<\/div>\n\t\t<\/div>\n\t\t\t\t\t<\/div>\n\t\t<\/section>\n\t\t\t\t\t<\/div>\n\t\t<\/div>\n\t\t\t\t\t<\/div>\n\t\t<\/section>\n\t\t\t\t<section class=\"elementor-section elementor-top-section elementor-element elementor-element-546ae63a elementor-section-stretched elementor-section-boxed elementor-section-height-default elementor-section-height-default\" data-id=\"546ae63a\" data-element_type=\"section\" data-e-type=\"section\" data-settings=\"{&quot;stretch_section&quot;:&quot;section-stretched&quot;}\">\n\t\t\t\t\t\t\t<div class=\"elementor-background-overlay\"><\/div>\n\t\t\t\t\t\t\t<div class=\"elementor-container elementor-column-gap-default\">\n\t\t\t\t\t<div class=\"elementor-column elementor-col-100 elementor-top-column elementor-element elementor-element-6bb1b3f3\" data-id=\"6bb1b3f3\" data-element_type=\"column\" data-e-type=\"column\">\n\t\t\t<div class=\"elementor-widget-wrap elementor-element-populated\">\n\t\t\t\t\t\t<div class=\"elementor-element elementor-element-b479dd1 elementor-widget elementor-widget-heading\" data-id=\"b479dd1\" data-element_type=\"widget\" data-e-type=\"widget\" data-widget_type=\"heading.default\">\n\t\t\t\t<div class=\"elementor-widget-container\">\n\t\t\t\t\t<h2 class=\"elementor-heading-title elementor-size-default\">Nos cours<\/h2>\t\t\t\t<\/div>\n\t\t\t\t<\/div>\n\t\t\t\t<div class=\"elementor-element elementor-element-0d4f482 elementor-position-left elementor-vertical-align-top elementor-widget elementor-widget-image-box\" data-id=\"0d4f482\" data-element_type=\"widget\" data-e-type=\"widget\" data-widget_type=\"image-box.default\">\n\t\t\t\t<div class=\"elementor-widget-container\">\n\t\t\t\t\t<div class=\"elementor-image-box-wrapper\"><figure class=\"elementor-image-box-img\"><img fetchpriority=\"high\" decoding=\"async\" width=\"870\" height=\"768\" src=\"https:\/\/groundnut-academy.uga.edu\/wp-content\/uploads\/2021\/08\/1.3-aflatoxins-food-safety.jpg\" class=\"attachment-2048x2048 size-2048x2048 wp-image-5453\" alt=\"\" srcset=\"https:\/\/groundnut-academy.uga.edu\/wp-content\/uploads\/2021\/08\/1.3-aflatoxins-food-safety.jpg 870w, https:\/\/groundnut-academy.uga.edu\/wp-content\/uploads\/2021\/08\/1.3-aflatoxins-food-safety-300x265.jpg 300w, https:\/\/groundnut-academy.uga.edu\/wp-content\/uploads\/2021\/08\/1.3-aflatoxins-food-safety-768x678.jpg 768w, https:\/\/groundnut-academy.uga.edu\/wp-content\/uploads\/2021\/08\/1.3-aflatoxins-food-safety-340x300.jpg 340w\" sizes=\"(max-width: 870px) 100vw, 870px\" \/><\/figure><div class=\"elementor-image-box-content\"><h3 class=\"elementor-image-box-title\">Aflatoxine<\/h3><p class=\"elementor-image-box-description\">L'aflatoxine a un impact sur d'importantes cultures de base dans le monde, comme l'arachide.\n  et le ma\u00efs. Dans ce cours, apprenez l'essentiel sur l'aflatoxine - o\u00f9 elle se trouve.  \nprovient, ce qu'il nous co\u00fbte et comment nous le contr\u00f4lons.<br><br><\/p><\/div><\/div>\t\t\t\t<\/div>\n\t\t\t\t<\/div>\n\t\t\t\t<div class=\"elementor-element elementor-element-4a24de1 elementor-align-center elementor-widget elementor-widget-button\" data-id=\"4a24de1\" data-element_type=\"widget\" data-e-type=\"widget\" data-widget_type=\"button.default\">\n\t\t\t\t<div class=\"elementor-widget-container\">\n\t\t\t\t\t\t\t\t\t<div class=\"elementor-button-wrapper\">\n\t\t\t\t\t<a class=\"elementor-button elementor-button-link elementor-size-md\" href=\"https:\/\/groundnut-academy.uga.edu\/fr\/courses\/aflatoxine\/\">\n\t\t\t\t\t\t<span class=\"elementor-button-content-wrapper\">\n\t\t\t\t\t\t\t\t\t<span class=\"elementor-button-text\">Acc\u00e9der au cours<\/span>\n\t\t\t\t\t<\/span>\n\t\t\t\t\t<\/a>\n\t\t\t\t<\/div>\n\t\t\t\t\t\t\t\t<\/div>\n\t\t\t\t<\/div>\n\t\t\t\t<div class=\"elementor-element elementor-element-4676943 elementor-widget elementor-widget-spacer\" data-id=\"4676943\" data-element_type=\"widget\" data-e-type=\"widget\" data-widget_type=\"spacer.default\">\n\t\t\t\t<div class=\"elementor-widget-container\">\n\t\t\t\t\t\t\t<div class=\"elementor-spacer\">\n\t\t\t<div class=\"elementor-spacer-inner\"><\/div>\n\t\t<\/div>\n\t\t\t\t\t\t<\/div>\n\t\t\t\t<\/div>\n\t\t\t\t<div class=\"elementor-element elementor-element-d3f13cb elementor-widget elementor-widget-spacer\" data-id=\"d3f13cb\" data-element_type=\"widget\" data-e-type=\"widget\" data-widget_type=\"spacer.default\">\n\t\t\t\t<div class=\"elementor-widget-container\">\n\t\t\t\t\t\t\t<div class=\"elementor-spacer\">\n\t\t\t<div class=\"elementor-spacer-inner\"><\/div>\n\t\t<\/div>\n\t\t\t\t\t\t<\/div>\n\t\t\t\t<\/div>\n\t\t\t\t<div class=\"elementor-element elementor-element-3391060 elementor-position-left elementor-vertical-align-top elementor-widget elementor-widget-image-box\" data-id=\"3391060\" data-element_type=\"widget\" data-e-type=\"widget\" data-widget_type=\"image-box.default\">\n\t\t\t\t<div class=\"elementor-widget-container\">\n\t\t\t\t\t<div class=\"elementor-image-box-wrapper\"><figure class=\"elementor-image-box-img\"><img decoding=\"async\" width=\"359\" height=\"269\" src=\"https:\/\/groundnut-academy.uga.edu\/wp-content\/uploads\/2021\/01\/groundnut-flower.jpg\" class=\"attachment-2048x2048 size-2048x2048 wp-image-5292\" alt=\"\" srcset=\"https:\/\/groundnut-academy.uga.edu\/wp-content\/uploads\/2021\/01\/groundnut-flower.jpg 359w, https:\/\/groundnut-academy.uga.edu\/wp-content\/uploads\/2021\/01\/groundnut-flower-300x225.jpg 300w\" sizes=\"(max-width: 359px) 100vw, 359px\" \/><\/figure><div class=\"elementor-image-box-content\"><h3 class=\"elementor-image-box-title\">Agronomie<\/h3><p class=\"elementor-image-box-description\">Enseign\u00e9 par Greg MacDonald, professeur de malherbologie et d'agronomie \u00e0 l'universit\u00e9 de Floride, le cours donne un aper\u00e7u de la physiologie, de la production et des parasites de l'arachide.<br><br><\/p><\/div><\/div>\t\t\t\t<\/div>\n\t\t\t\t<\/div>\n\t\t\t\t<div class=\"elementor-element elementor-element-4fcec59 elementor-align-center elementor-widget elementor-widget-button\" data-id=\"4fcec59\" data-element_type=\"widget\" data-e-type=\"widget\" data-widget_type=\"button.default\">\n\t\t\t\t<div class=\"elementor-widget-container\">\n\t\t\t\t\t\t\t\t\t<div class=\"elementor-button-wrapper\">\n\t\t\t\t\t<a class=\"elementor-button elementor-button-link elementor-size-md\" href=\"https:\/\/groundnut-academy.uga.edu\/fr\/courses\/agronomie-de-base\/\">\n\t\t\t\t\t\t<span class=\"elementor-button-content-wrapper\">\n\t\t\t\t\t\t\t\t\t<span class=\"elementor-button-text\">Acc\u00e9der au cours<\/span>\n\t\t\t\t\t<\/span>\n\t\t\t\t\t<\/a>\n\t\t\t\t<\/div>\n\t\t\t\t\t\t\t\t<\/div>\n\t\t\t\t<\/div>\n\t\t\t\t<div class=\"elementor-element elementor-element-32ecc7ae elementor-widget elementor-widget-text-editor\" data-id=\"32ecc7ae\" data-element_type=\"widget\" data-e-type=\"widget\" data-widget_type=\"text-editor.default\">\n\t\t\t\t<div class=\"elementor-widget-container\">\n\t\t\t\t\t\t\t\t\t<p><\/p>\n<p><i>Lanc\u00e9e en 2021, l&#8217;Acad\u00e9mie de l&#8217;arachide propose des cours gratuits sur Internet \u00e0 l&#8217;intention de divers publics. Les agents de vulgarisation, les \u00e9tudiants dipl\u00f4m\u00e9s et les agriculteurs peuvent trouver ces informations utiles dans leur travail.<br><\/i><\/p>\n<p><\/p>\n<p><\/p>\n<p><\/p>\t\t\t\t\t\t\t\t<\/div>\n\t\t\t\t<\/div>\n\t\t\t\t\t<\/div>\n\t\t<\/div>\n\t\t\t\t\t<\/div>\n\t\t<\/section>\n\t\t\t\t<section class=\"elementor-section elementor-top-section elementor-element elementor-element-f1330d5 elementor-section-boxed elementor-section-height-default elementor-section-height-default\" data-id=\"f1330d5\" data-element_type=\"section\" data-e-type=\"section\">\n\t\t\t\t\t\t\t<div class=\"elementor-background-overlay\"><\/div>\n\t\t\t\t\t\t\t<div class=\"elementor-container elementor-column-gap-default\">\n\t\t\t\t\t<div class=\"elementor-column elementor-col-100 elementor-top-column elementor-element elementor-element-24af2cf\" data-id=\"24af2cf\" data-element_type=\"column\" data-e-type=\"column\">\n\t\t\t<div class=\"elementor-widget-wrap elementor-element-populated\">\n\t\t\t\t\t\t<div class=\"elementor-element elementor-element-e322dd3 elementor-widget elementor-widget-heading\" data-id=\"e322dd3\" data-element_type=\"widget\" data-e-type=\"widget\" data-widget_type=\"heading.default\">\n\t\t\t\t<div class=\"elementor-widget-container\">\n\t\t\t\t\t<h2 class=\"elementor-heading-title elementor-size-default\">Notre \u00e9quipe<\/h2>\t\t\t\t<\/div>\n\t\t\t\t<\/div>\n\t\t\t\t\t<\/div>\n\t\t<\/div>\n\t\t\t\t\t<\/div>\n\t\t<\/section>\n\t\t\t\t<section class=\"elementor-section elementor-top-section elementor-element elementor-element-101df1a elementor-section-boxed elementor-section-height-default elementor-section-height-default\" data-id=\"101df1a\" data-element_type=\"section\" data-e-type=\"section\">\n\t\t\t\t\t\t<div class=\"elementor-container elementor-column-gap-default\">\n\t\t\t\t\t<div class=\"elementor-column elementor-col-33 elementor-top-column elementor-element elementor-element-498f76c\" data-id=\"498f76c\" data-element_type=\"column\" data-e-type=\"column\">\n\t\t\t<div class=\"elementor-widget-wrap elementor-element-populated\">\n\t\t\t\t\t\t<div class=\"elementor-element elementor-element-6dfc56b elementor-position-top elementor-widget elementor-widget-image-box\" data-id=\"6dfc56b\" data-element_type=\"widget\" data-e-type=\"widget\" data-widget_type=\"image-box.default\">\n\t\t\t\t<div class=\"elementor-widget-container\">\n\t\t\t\t\t<div class=\"elementor-image-box-wrapper\"><figure class=\"elementor-image-box-img\"><img decoding=\"async\" width=\"216\" height=\"216\" src=\"https:\/\/groundnut-academy.uga.edu\/wp-content\/uploads\/2020\/12\/macdonald.jpg\" class=\"attachment-large size-large wp-image-5272\" alt=\"\" srcset=\"https:\/\/groundnut-academy.uga.edu\/wp-content\/uploads\/2020\/12\/macdonald.jpg 216w, https:\/\/groundnut-academy.uga.edu\/wp-content\/uploads\/2020\/12\/macdonald-150x150.jpg 150w\" sizes=\"(max-width: 216px) 100vw, 216px\" \/><\/figure><div class=\"elementor-image-box-content\"><h4 class=\"elementor-image-box-title\">Greg MacDonald<\/h4><p class=\"elementor-image-box-description\">Greg est professeur au d\u00e9partement d'agronomie de l'universit\u00e9 de Floride. Il a travaill\u00e9 pendant de nombreuses ann\u00e9es au niveau international, notamment en Am\u00e9rique latine, et s'est sp\u00e9cialis\u00e9 dans la gestion des mauvaises herbes et la production v\u00e9g\u00e9tale.<\/p><\/div><\/div>\t\t\t\t<\/div>\n\t\t\t\t<\/div>\n\t\t\t\t\t<\/div>\n\t\t<\/div>\n\t\t\t\t<div class=\"elementor-column elementor-col-33 elementor-top-column elementor-element elementor-element-e2271bd\" data-id=\"e2271bd\" data-element_type=\"column\" data-e-type=\"column\">\n\t\t\t<div class=\"elementor-widget-wrap elementor-element-populated\">\n\t\t\t\t\t\t<div class=\"elementor-element elementor-element-29b0984 elementor-position-top elementor-widget elementor-widget-image-box\" data-id=\"29b0984\" data-element_type=\"widget\" data-e-type=\"widget\" data-widget_type=\"image-box.default\">\n\t\t\t\t<div class=\"elementor-widget-container\">\n\t\t\t\t\t<div class=\"elementor-image-box-wrapper\"><figure class=\"elementor-image-box-img\"><img loading=\"lazy\" decoding=\"async\" width=\"216\" height=\"216\" src=\"https:\/\/groundnut-academy.uga.edu\/wp-content\/uploads\/2020\/12\/Hoisington.jpg\" class=\"attachment-full size-full wp-image-5274\" alt=\"\" srcset=\"https:\/\/groundnut-academy.uga.edu\/wp-content\/uploads\/2020\/12\/Hoisington.jpg 216w, https:\/\/groundnut-academy.uga.edu\/wp-content\/uploads\/2020\/12\/Hoisington-150x150.jpg 150w\" sizes=\"(max-width: 216px) 100vw, 216px\" \/><\/figure><div class=\"elementor-image-box-content\"><h4 class=\"elementor-image-box-title\">Dave Hoisington<\/h4><p class=\"elementor-image-box-description\">Dave est le directeur du Feed the Future Innovation Lab for Peanut et professeur de recherche principal au College of Agricultural and Environmental Sciences de l'universit\u00e9 de G\u00e9orgie. Il a occup\u00e9 divers postes au sein du CGIAR au CIMMYT au Mexique et \u00e0 l'ICRISAT en Inde.  \n<\/p><\/div><\/div>\t\t\t\t<\/div>\n\t\t\t\t<\/div>\n\t\t\t\t\t<\/div>\n\t\t<\/div>\n\t\t\t\t<div class=\"elementor-column elementor-col-33 elementor-top-column elementor-element elementor-element-005d890\" data-id=\"005d890\" data-element_type=\"column\" data-e-type=\"column\">\n\t\t\t<div class=\"elementor-widget-wrap elementor-element-populated\">\n\t\t\t\t\t\t<div class=\"elementor-element elementor-element-96750bd elementor-position-top elementor-widget elementor-widget-image-box\" data-id=\"96750bd\" data-element_type=\"widget\" data-e-type=\"widget\" data-widget_type=\"image-box.default\">\n\t\t\t\t<div class=\"elementor-widget-container\">\n\t\t\t\t\t<div class=\"elementor-image-box-wrapper\"><figure class=\"elementor-image-box-img\"><img loading=\"lazy\" decoding=\"async\" width=\"150\" height=\"150\" src=\"https:\/\/groundnut-academy.uga.edu\/wp-content\/uploads\/2021\/05\/2017_JamesRhoads-e1620136451462-150x150.jpg\" class=\"attachment-thumbnail size-thumbnail wp-image-5407\" alt=\"\" \/><\/figure><div class=\"elementor-image-box-content\"><h4 class=\"elementor-image-box-title\">Jamie Rhoads<\/h4><p class=\"elementor-image-box-description\">Jamie est le directeur adjoint du Feed the Future Innovation Lab for Peanut et professeur de recherche au College of Agricultural and Environmental Sciences de l'Universit\u00e9 de G\u00e9orgie. Il a travaill\u00e9 dans la production et le traitement des arachides en Ha\u00efti avec Meds &amp; Foods for Kids.\n<\/p><\/div><\/div>\t\t\t\t<\/div>\n\t\t\t\t<\/div>\n\t\t\t\t\t<\/div>\n\t\t<\/div>\n\t\t\t\t\t<\/div>\n\t\t<\/section>\n\t\t\t\t<\/div>\n\t\t","protected":false},"excerpt":{"rendered":"<p>Agronomie D\u00e9couvrez comment pousse l&#8217;arachide Acc\u00e9der au coursLutte antiparasitaire int\u00e9gr\u00e9e Meilleures pratiques pour emp\u00eacher les ravageurs de voler le rendement des arachides Bient\u00f4t disponibleAflatoxine Un aper\u00e7u d&#8217;un dangereux contaminant alimentaire Acc\u00e9der au cours Previous Next Apprenez ici. Nos cours Aflatoxine L&#8217;aflatoxine a un impact sur d&#8217;importantes cultures de base dans le monde, comme l&#8217;arachide. et [&hellip;]<\/p>\n","protected":false},"author":2,"featured_media":0,"parent":0,"menu_order":0,"comment_status":"closed","ping_status":"closed","template":"elementor_header_footer","meta":{"_eb_attr":"","footnotes":""},"class_list":["post-5667","page","type-page","status-publish","hentry"],"_links":{"self":[{"href":"https:\/\/groundnut-academy.uga.edu\/fr\/wp-json\/wp\/v2\/pages\/5667","targetHints":{"allow":["GET"]}}],"collection":[{"href":"https:\/\/groundnut-academy.uga.edu\/fr\/wp-json\/wp\/v2\/pages"}],"about":[{"href":"https:\/\/groundnut-academy.uga.edu\/fr\/wp-json\/wp\/v2\/types\/page"}],"author":[{"embeddable":true,"href":"https:\/\/groundnut-academy.uga.edu\/fr\/wp-json\/wp\/v2\/users\/2"}],"replies":[{"embeddable":true,"href":"https:\/\/groundnut-academy.uga.edu\/fr\/wp-json\/wp\/v2\/comments?post=5667"}],"version-history":[{"count":0,"href":"https:\/\/groundnut-academy.uga.edu\/fr\/wp-json\/wp\/v2\/pages\/5667\/revisions"}],"wp:attachment":[{"href":"https:\/\/groundnut-academy.uga.edu\/fr\/wp-json\/wp\/v2\/media?parent=5667"}],"curies":[{"name":"wp","href":"https:\/\/api.w.org\/{rel}","templated":true}]}}