{"id":5641,"date":"2022-12-13T15:06:51","date_gmt":"2022-12-13T20:06:51","guid":{"rendered":"https:\/\/groundnut-academy.uga.edu\/ressources\/"},"modified":"2022-12-13T15:06:52","modified_gmt":"2022-12-13T20:06:52","slug":"ressources","status":"publish","type":"page","link":"https:\/\/groundnut-academy.uga.edu\/fr\/ressources\/","title":{"rendered":"Ressources"},"content":{"rendered":"\t\t<div data-elementor-type=\"wp-page\" data-elementor-id=\"5641\" class=\"elementor elementor-5641 elementor-730\" data-elementor-post-type=\"page\">\n\t\t\t\t\t\t<section class=\"elementor-section elementor-top-section elementor-element elementor-element-3de5e86 elementor-section-boxed elementor-section-height-default elementor-section-height-default\" data-id=\"3de5e86\" data-element_type=\"section\" data-e-type=\"section\">\n\t\t\t\t\t\t<div class=\"elementor-container elementor-column-gap-default\">\n\t\t\t\t\t<div class=\"elementor-column elementor-col-100 elementor-top-column elementor-element elementor-element-cf9d636\" data-id=\"cf9d636\" data-element_type=\"column\" data-e-type=\"column\">\n\t\t\t<div class=\"elementor-widget-wrap elementor-element-populated\">\n\t\t\t\t\t\t<div class=\"elementor-element elementor-element-c245d27 elementor-widget elementor-widget-text-editor\" data-id=\"c245d27\" data-element_type=\"widget\" data-e-type=\"widget\" data-widget_type=\"text-editor.default\">\n\t\t\t\t<div class=\"elementor-widget-container\">\n\t\t\t\t\t\t\t\t\t<h5>Mat\u00e9riel de r\u00e9vision<\/h5>\n<div><a href=\"https:\/\/groundnut-academy.uga.edu\/wp-content\/uploads\/2022\/04\/Aflatoxin-Training-Guide-Malawi.pdf\">Aflatoxine-Guide de formation-Malawi<\/a><\/div>\n<h5>Plusieurs guides et outils sont disponibles pour vous aider \u00e0 en savoir plus sur l&#8217;arachide.<\/h5>\n<p><strong>PRODUCTION<\/strong><\/p>\n<p class=\"MsoNormal\">&#8211;<span style=\"mso-spacerun: yes;\">  <\/span><a href=\"http:\/\/africasoilhealth.cabi.org\/wpcms\/wp-content\/uploads\/2017\/07\/562-ASHC-English-Groundnut-A4-bw-lowres.pdf\">Guide de culture de l&#8217;arachide<\/a> &#8211; Produit par le Consortium pour la sant\u00e9 des sols en Afrique<\/p>\n<p class=\"MsoNormal\">&#8211;<span style=\"mso-spacerun: yes;\">  <\/span><a href=\"https:\/\/ftfpeanutlab.caes.uga.edu\/content\/dam\/caes-subsite\/ftf-peanut-lab\/documents\/pmil\/uga203\/Publication_Okello_UGA203_Deom_2013_Groundnut_Production_Manual_for_Uganda.pdf\">Guide de production d&#8217;arachide pour l&#8217;Ouganda : Recommended practices for farmers<\/a> &#8211; Produit par l&#8217;ICRISAT, l&#8217;Organisation nationale de recherche agricole de l&#8217;Ouganda et le Programme de soutien \u00e0 la recherche collaborative sur l&#8217;arachide.<\/p>\n<p class=\"MsoNormal\">&#8211;<span style=\"mso-spacerun: yes;\">  <\/span><a href=\"https:\/\/ftfpeanutlab.caes.uga.edu\/content\/dam\/caes-subsite\/ftf-peanut-lab\/documents\/pmil\/2007-2012\/uf155\/Publication_UF155_MacDonald_2012_Peanut_Production_Guide_Guyana.pdf\">Guide de la production d&#8217;arachides dans les savanes du Rupununi<\/a> &#8211; Produit par le programme de soutien \u00e0 la recherche collaborative sur les arachides.<\/p>\n<p class=\"MsoNormal\">&#8211;<span style=\"mso-spacerun: yes;\">  <\/span><a href=\"https:\/\/ftfpeanutlab.caes.uga.edu\/content\/dam\/caes-subsite\/ftf-peanut-lab\/documents\/peanut-lab\/Malawi%20Groundnut%20Production%20Guide.pdf\">Guide des pratiques de production au Malawi : Best Management Practices for a High Quality Crop<\/a> &#8211; Produit par le d\u00e9partement des services agricoles du Malawi et le Peanut Innovation Lab.<\/p>\n<p class=\"MsoNormal\">&#8211;<span style=\"mso-spacerun: yes;\">  <\/span>Outil de gestion des risques li\u00e9s \u00e0 l&#8217;arachide &#8211; Produit par le Feed the Future USAID Peanut Innovation Lab.<\/p>\n<p><style>@font-face<br \/>\t{font-family:\"Cambria Math\";<br \/>\tpanose-1:2 4 5 3 5 4 6 3 2 4;<br \/>\tmso-font-charset:0;<br \/>\tmso-generic-font-family:roman;<br \/>\tmso-font-pitch:variable;<br \/>\tmso-font-signature:-536870145 1107305727 0 0 415 0;}@font-face<br \/>\t{font-family:Calibri;<br \/>\tpanose-1:2 15 5 2 2 2 4 3 2 4;<br \/>\tmso-font-charset:0;<br \/>\tmso-generic-font-family:swiss;<br \/>\tmso-font-pitch:variable;<br \/>\tmso-font-signature:-536859905 -1073732485 9 0 511 0;}p.MsoNormal, li.MsoNormal, div.MsoNormal<br \/>\t{mso-style-unhide:no;<br \/>\tmso-style-qformat:yes;<br \/>\tmso-style-parent:\"\";<br \/>\tmargin:0in;<br \/>\tmso-pagination:widow-orphan;<br \/>\tfont-size:12.0pt;<br \/>\tfont-family:\"Calibri\",sans-serif;<br \/>\tmso-ascii-font-family:Calibri;<br \/>\tmso-ascii-theme-font:minor-latin;<br \/>\tmso-fareast-font-family:Calibri;<br \/>\tmso-fareast-theme-font:minor-latin;<br \/>\tmso-hansi-font-family:Calibri;<br \/>\tmso-hansi-theme-font:minor-latin;<br \/>\tmso-bidi-font-family:Arial;<br \/>\tmso-bidi-theme-font:minor-bidi;}a:link, span.MsoHyperlink<br \/>\t{mso-style-noshow:yes;<br \/>\tmso-style-priority:99;<br \/>\tcolor:blue;<br \/>\ttext-decoration:underline;<br \/>\ttext-underline:single;}a:visited, span.MsoHyperlinkFollowed<br \/>\t{mso-style-noshow:yes;<br \/>\tmso-style-priority:99;<br \/>\tcolor:#954F72;<br \/>\tmso-themecolor:followedhyperlink;<br \/>\ttext-decoration:underline;<br \/>\ttext-underline:single;}.MsoChpDefault<br \/>\t{mso-style-type:export-only;<br \/>\tmso-default-props:yes;<br \/>\tfont-family:\"Calibri\",sans-serif;<br \/>\tmso-ascii-font-family:Calibri;<br \/>\tmso-ascii-theme-font:minor-latin;<br \/>\tmso-fareast-font-family:Calibri;<br \/>\tmso-fareast-theme-font:minor-latin;<br \/>\tmso-hansi-font-family:Calibri;<br \/>\tmso-hansi-theme-font:minor-latin;<br \/>\tmso-bidi-font-family:Arial;<br \/>\tmso-bidi-theme-font:minor-bidi;}div.WordSection1<br \/>\t{page:WordSection1;}<\/style><\/p>\n\t\t\t\t\t\t\t\t<\/div>\n\t\t\t\t<\/div>\n\t\t\t\t\t<\/div>\n\t\t<\/div>\n\t\t\t\t\t<\/div>\n\t\t<\/section>\n\t\t\t\t<\/div>\n\t\t","protected":false},"excerpt":{"rendered":"<p>Mat\u00e9riel de r\u00e9vision Aflatoxine-Guide de formation-Malawi Plusieurs guides et outils sont disponibles pour vous aider \u00e0 en savoir plus sur l&#8217;arachide. PRODUCTION &#8211; Guide de culture de l&#8217;arachide &#8211; Produit par le Consortium pour la sant\u00e9 des sols en Afrique &#8211; Guide de production d&#8217;arachide pour l&#8217;Ouganda : Recommended practices for farmers &#8211; Produit par [&hellip;]<\/p>\n","protected":false},"author":2,"featured_media":0,"parent":0,"menu_order":0,"comment_status":"closed","ping_status":"closed","template":"","meta":{"_eb_attr":"","footnotes":""},"class_list":["post-5641","page","type-page","status-publish","hentry"],"_links":{"self":[{"href":"https:\/\/groundnut-academy.uga.edu\/fr\/wp-json\/wp\/v2\/pages\/5641","targetHints":{"allow":["GET"]}}],"collection":[{"href":"https:\/\/groundnut-academy.uga.edu\/fr\/wp-json\/wp\/v2\/pages"}],"about":[{"href":"https:\/\/groundnut-academy.uga.edu\/fr\/wp-json\/wp\/v2\/types\/page"}],"author":[{"embeddable":true,"href":"https:\/\/groundnut-academy.uga.edu\/fr\/wp-json\/wp\/v2\/users\/2"}],"replies":[{"embeddable":true,"href":"https:\/\/groundnut-academy.uga.edu\/fr\/wp-json\/wp\/v2\/comments?post=5641"}],"version-history":[{"count":0,"href":"https:\/\/groundnut-academy.uga.edu\/fr\/wp-json\/wp\/v2\/pages\/5641\/revisions"}],"wp:attachment":[{"href":"https:\/\/groundnut-academy.uga.edu\/fr\/wp-json\/wp\/v2\/media?parent=5641"}],"curies":[{"name":"wp","href":"https:\/\/api.w.org\/{rel}","templated":true}]}}