{"id":9354,"date":"2023-03-02T07:58:23","date_gmt":"2023-03-02T12:58:23","guid":{"rendered":"https:\/\/groundnut-academy.uga.edu\/contacto\/"},"modified":"2023-05-25T13:47:04","modified_gmt":"2023-05-25T17:47:04","slug":"contacto","status":"publish","type":"page","link":"https:\/\/groundnut-academy.uga.edu\/es\/contacto\/","title":{"rendered":"Contacte con"},"content":{"rendered":"\n<p>Para m\u00e1s informaci\u00f3n sobre la Academia de Man\u00ed o el Peanut Innovation Lab, p\u00f3ngase en contacto con Allison Floyd en alfloyd@uga.edu.<\/p>\n","protected":false},"excerpt":{"rendered":"<p>Para m\u00e1s informaci\u00f3n sobre la Academia de Man\u00ed o el Peanut Innovation Lab, p\u00f3ngase en contacto con Allison Floyd en alfloyd@uga.edu.<\/p>\n","protected":false},"author":2,"featured_media":0,"parent":0,"menu_order":0,"comment_status":"closed","ping_status":"closed","template":"","meta":{"_eb_attr":"","footnotes":""},"class_list":["post-9354","page","type-page","status-publish","hentry"],"_links":{"self":[{"href":"https:\/\/groundnut-academy.uga.edu\/es\/wp-json\/wp\/v2\/pages\/9354","targetHints":{"allow":["GET"]}}],"collection":[{"href":"https:\/\/groundnut-academy.uga.edu\/es\/wp-json\/wp\/v2\/pages"}],"about":[{"href":"https:\/\/groundnut-academy.uga.edu\/es\/wp-json\/wp\/v2\/types\/page"}],"author":[{"embeddable":true,"href":"https:\/\/groundnut-academy.uga.edu\/es\/wp-json\/wp\/v2\/users\/2"}],"replies":[{"embeddable":true,"href":"https:\/\/groundnut-academy.uga.edu\/es\/wp-json\/wp\/v2\/comments?post=9354"}],"version-history":[{"count":0,"href":"https:\/\/groundnut-academy.uga.edu\/es\/wp-json\/wp\/v2\/pages\/9354\/revisions"}],"wp:attachment":[{"href":"https:\/\/groundnut-academy.uga.edu\/es\/wp-json\/wp\/v2\/media?parent=9354"}],"curies":[{"name":"wp","href":"https:\/\/api.w.org\/{rel}","templated":true}]}}